{"id":644,"date":"2018-06-18T14:12:35","date_gmt":"2018-06-18T17:12:35","guid":{"rendered":"https:\/\/isped-ers.infd.edu.ar\/sitio\/?page_id=644"},"modified":"2025-10-30T19:18:51","modified_gmt":"2025-10-30T22:18:51","slug":"catalogo","status":"publish","type":"page","link":"https:\/\/isped-ers.infd.edu.ar\/sitio\/catalogo\/","title":{"rendered":"Carreras"},"content":{"rendered":"\n<h5 class=\"wp-block-heading\">Profesorado de Educaci\u00f3n Inicial<\/h5>\n\n\n\n<figure class=\"wp-block-table is-style-stripes\"><table><tbody><tr><td class=\"has-text-align-center\" data-align=\"center\">Plan de Estudio<\/td><td class=\"has-text-align-center\" data-align=\"center\">Perfil del Egresado<\/td><\/tr><\/tbody><\/table><\/figure>\n\n\n\n<h5 class=\"wp-block-heading\">Profesorado de Ense\u00f1anza Superior en Ciencias de la Educaci\u00f3n\u00a0<\/h5>\n\n\n\n<figure class=\"wp-block-table is-style-stripes\"><table><tbody><tr><td class=\"has-text-align-center\" data-align=\"center\">Plan de Estudio<\/td><td class=\"has-text-align-center\" data-align=\"center\">Perfil del Egresado<\/td><\/tr><\/tbody><\/table><\/figure>\n\n\n\n<h5 class=\"wp-block-heading\">Profesorado de Educaci\u00f3n Especial con Orientaci\u00f3n en Discapacidad Intelectual<\/h5>\n\n\n\n<figure class=\"wp-block-table is-style-stripes\"><table><tbody><tr><td class=\"has-text-align-center\" data-align=\"center\">Plan de Estudio<\/td><td class=\"has-text-align-center\" data-align=\"center\">Perfil del Egresado<\/td><\/tr><\/tbody><\/table><\/figure>\n\n\n\n<h5 class=\"wp-block-heading\">Profesorado de Artes Visuales<\/h5>\n\n\n\n<div class=\"wp-block-group is-layout-constrained\"><div class=\"wp-block-group__inner-container\">\n<figure class=\"wp-block-table is-style-stripes\"><table><tbody><tr><td class=\"has-text-align-center\" data-align=\"center\">Plan de Estudio<\/td><td class=\"has-text-align-center\" data-align=\"center\">Perfil del Egresado<\/td><\/tr><\/tbody><\/table><\/figure>\n<\/div><\/div>\n","protected":false},"excerpt":{"rendered":"<p>Profesorado de Educaci\u00f3n Inicial Plan de Estudio Perfil del Egresado Profesorado de Ense\u00f1anza Superior en Ciencias de la Educaci\u00f3n\u00a0 Plan de Estudio Perfil del Egresado Profesorado de Educaci\u00f3n Especial con Orientaci\u00f3n en Discapacidad Intelectual Plan de Estudio Perfil del Egresado Profesorado de Artes Visuales Plan de Estudio Perfil del Egresado<\/p>\n","protected":false},"author":1,"featured_media":0,"parent":0,"menu_order":0,"comment_status":"closed","ping_status":"closed","template":"","meta":[],"acf":[],"_links":{"self":[{"href":"https:\/\/isped-ers.infd.edu.ar\/sitio\/wp-json\/wp\/v2\/pages\/644"}],"collection":[{"href":"https:\/\/isped-ers.infd.edu.ar\/sitio\/wp-json\/wp\/v2\/pages"}],"about":[{"href":"https:\/\/isped-ers.infd.edu.ar\/sitio\/wp-json\/wp\/v2\/types\/page"}],"author":[{"embeddable":true,"href":"https:\/\/isped-ers.infd.edu.ar\/sitio\/wp-json\/wp\/v2\/users\/1"}],"replies":[{"embeddable":true,"href":"https:\/\/isped-ers.infd.edu.ar\/sitio\/wp-json\/wp\/v2\/comments?post=644"}],"version-history":[{"count":13,"href":"https:\/\/isped-ers.infd.edu.ar\/sitio\/wp-json\/wp\/v2\/pages\/644\/revisions"}],"predecessor-version":[{"id":947,"href":"https:\/\/isped-ers.infd.edu.ar\/sitio\/wp-json\/wp\/v2\/pages\/644\/revisions\/947"}],"wp:attachment":[{"href":"https:\/\/isped-ers.infd.edu.ar\/sitio\/wp-json\/wp\/v2\/media?parent=644"}],"curies":[{"name":"wp","href":"https:\/\/api.w.org\/{rel}","templated":true}]}}