{"id":685,"date":"2018-07-25T15:06:42","date_gmt":"2018-07-25T18:06:42","guid":{"rendered":"https:\/\/isped-ers.infd.edu.ar\/sitio\/?page_id=685"},"modified":"2025-10-24T08:06:53","modified_gmt":"2025-10-24T11:06:53","slug":"autoridades","status":"publish","type":"page","link":"https:\/\/isped-ers.infd.edu.ar\/sitio\/institucional\/autoridades\/","title":{"rendered":"Autoridades"},"content":{"rendered":"<div>\n<div class=\"content_copete\">\n<h3 class=\"content_copete\"><strong>Apoderada Legal:\u00a0<\/strong><\/h3>\n<div>Prof. Silvia Piaggio<\/div>\n<\/div>\n<\/div>\n<div><\/div>\n<h3 class=\"content_copete\"><strong>Consejo Directivo<\/strong><\/h3>\n<p>Presidente: Prof. Cristina Weigandt<br \/>\nVicepresidente: Prof. Andrea Castroman<br \/>\nSecretaria: Prof. Milagros Toller<br \/>\nPro secretaria: Prof. Carmen Cruz<br \/>\nTesorera: Prof. Raquel Caballero<br \/>\nPro Tesorera: Prof. Ma. Ang\u00e9lica Ocampo<br \/>\nVocales: Prof. Ana Gandola; Prof. Mar\u00eda Bard; Prof. Mirta Lavigna; Prof. Nora Longo.<br \/>\nVocal suplente: Prof. Jos\u00e9 Lenciatti<br \/>\nRevisores de cuenta titulares: Prof. Luc\u00eda Colombo<br \/>\nRevisores de cuenta suplentes: Prof. Graciela Garbino<\/p>\n<h3 class=\"content_copete\"><strong>Rectora y Secretarios<\/strong><\/h3>\n<p>Rectora: Prof. Cristina Peruzzo<\/p>\n<p>Secretaria Administrativa:\u00a0Prof. Ver\u00f3nica Dargains<\/p>\n<p>Secretario Acad\u00e9mica: Prof. C. Andrea Montero<\/p>\n<div><\/div>\n<div class=\"content_copete\"><strong>Personal Planta Permanente<\/strong><\/div>\n<p>Preceptoras: Prof. Mercedes Mart\u00ednez, Prof. Nadia Hern\u00e1ndez y Prof. Paola V\u00f6lker<\/p>\n<p>Bibliotecaria: Prof. Noelia Elena<\/p>\n","protected":false},"excerpt":{"rendered":"<p>Apoderada Legal:\u00a0 Prof. Silvia Piaggio Consejo Directivo Presidente: Prof. Cristina Weigandt Vicepresidente: Prof. Andrea Castroman Secretaria: Prof. Milagros Toller Pro secretaria: Prof. Carmen Cruz Tesorera: Prof. Raquel Caballero Pro Tesorera: Prof. Ma. Ang\u00e9lica Ocampo Vocales: Prof. Ana Gandola; Prof. Mar\u00eda Bard; Prof. Mirta Lavigna; Prof. Nora Longo. Vocal suplente: Prof. Jos\u00e9 Lenciatti Revisores de cuenta &#8230; <a title=\"Autoridades\" class=\"read-more\" href=\"https:\/\/isped-ers.infd.edu.ar\/sitio\/institucional\/autoridades\/\" aria-label=\"More on Autoridades\">[+]<\/a><\/p>\n","protected":false},"author":6,"featured_media":0,"parent":683,"menu_order":0,"comment_status":"closed","ping_status":"closed","template":"","meta":[],"acf":[],"_links":{"self":[{"href":"https:\/\/isped-ers.infd.edu.ar\/sitio\/wp-json\/wp\/v2\/pages\/685"}],"collection":[{"href":"https:\/\/isped-ers.infd.edu.ar\/sitio\/wp-json\/wp\/v2\/pages"}],"about":[{"href":"https:\/\/isped-ers.infd.edu.ar\/sitio\/wp-json\/wp\/v2\/types\/page"}],"author":[{"embeddable":true,"href":"https:\/\/isped-ers.infd.edu.ar\/sitio\/wp-json\/wp\/v2\/users\/6"}],"replies":[{"embeddable":true,"href":"https:\/\/isped-ers.infd.edu.ar\/sitio\/wp-json\/wp\/v2\/comments?post=685"}],"version-history":[{"count":11,"href":"https:\/\/isped-ers.infd.edu.ar\/sitio\/wp-json\/wp\/v2\/pages\/685\/revisions"}],"predecessor-version":[{"id":864,"href":"https:\/\/isped-ers.infd.edu.ar\/sitio\/wp-json\/wp\/v2\/pages\/685\/revisions\/864"}],"up":[{"embeddable":true,"href":"https:\/\/isped-ers.infd.edu.ar\/sitio\/wp-json\/wp\/v2\/pages\/683"}],"wp:attachment":[{"href":"https:\/\/isped-ers.infd.edu.ar\/sitio\/wp-json\/wp\/v2\/media?parent=685"}],"curies":[{"name":"wp","href":"https:\/\/api.w.org\/{rel}","templated":true}]}}