{"id":730,"date":"2018-07-26T10:40:07","date_gmt":"2018-07-26T13:40:07","guid":{"rendered":"https:\/\/isped-ers.infd.edu.ar\/sitio\/?page_id=730"},"modified":"2025-10-29T07:20:11","modified_gmt":"2025-10-29T10:20:11","slug":"ingresantes","status":"publish","type":"page","link":"https:\/\/isped-ers.infd.edu.ar\/sitio\/ingresantes\/","title":{"rendered":"Ingresantes"},"content":{"rendered":"<h4>Requisitos de inscripci\u00f3n<\/h4>\n<h6><b><span style=\"font-family: Georgia;\">Documentaci\u00f3n necesaria para inscribirse:<\/span><\/b><\/h6>\n<p><span style=\"font-family: Georgia;\">&#8211; Fotocopia de DNI<\/span><\/p>\n<p><span style=\"font-family: Georgia;\">&#8211; Fotocopia de partida de nacimiento legalizada<\/span><\/p>\n<p><span style=\"font-family: Georgia;\">&#8211; Fotocopia del T\u00edtulo secundario autenticado o constancia del t\u00edtulo en tr\u00e1mite<\/span><\/p>\n<p><span style=\"font-family: Georgia;\">&#8211; Certificado de buena salud psico-f\u00edsica<\/span><\/p>\n<p><span style=\"font-family: Georgia;\">&#8211; Constancia de CUIL <\/span><\/p>\n<p><span style=\"font-family: Georgia;\">&#8211; Constancia de CUD<\/span><\/p>\n<p><span style=\"font-family: Georgia;\">&#8211; 1 Foto carnet<\/span><\/p>\n<p><span style=\"font-family: Georgia;\">&#8211; 1 Folio A4\u00a0<\/span><\/p>\n<div class=\"text_exposed_show\">\n<h6>Para la inscripci\u00f3n se debe abonar la matr\u00edcula y completar un formulario online.<\/h6>\n<ul>\n<li>Profesorado de Educaci\u00f3n <a href=\"https:\/\/forms.gle\/pnYWURoBtmx8kVH86\">Inicial<\/a><\/li>\n<li>Profesorado de Educaci\u00f3n <a href=\"https:\/\/forms.gle\/p3MKeMnaSLv5UuZ97\">Especial<\/a> con Orientaci\u00f3n en Discapacidad Intelectual<\/li>\n<li>Profesorado de Educaci\u00f3n Superior en <a href=\"https:\/\/forms.gle\/9t8oNKStEqmG1qq88\">Ciencias<\/a> de la Educaci\u00f3n<\/li>\n<li>Profesorado de <a href=\"https:\/\/forms.gle\/pGTx8BKJK54yuh9g8\">Artes<\/a> Visuales<\/li>\n<\/ul>\n<h6>Este formulario se env\u00eda autom\u00e1ticamente al correo que hayan completado en el mismo.<\/h6>\n<h6>Para abonar la inscripci\u00f3n deben comunicarse con el sector contable: <a href=\"mailto:contable.isped@gmail.com\">contable.isped@gmail.com<\/a><\/h6>\n<h6>Ante cualquier consulta dirigirse de lunes a viernes de 8 a 12 y de 16 a 20 h. a Rivadavia 558, tel 428805 \/ WhatsApp 3446669623 o al mail <a href=\"mailto:preceptoriaisped@gmail.com\">preceptoriaisped@gmail.com<\/a><\/h6>\n<\/div>\n","protected":false},"excerpt":{"rendered":"<p>Requisitos de inscripci\u00f3n Documentaci\u00f3n necesaria para inscribirse: &#8211; Fotocopia de DNI &#8211; Fotocopia de partida de nacimiento legalizada &#8211; Fotocopia del T\u00edtulo secundario autenticado o constancia del t\u00edtulo en tr\u00e1mite &#8211; Certificado de buena salud psico-f\u00edsica &#8211; Constancia de CUIL &#8211; Constancia de CUD &#8211; 1 Foto carnet &#8211; 1 Folio A4\u00a0 Para la inscripci\u00f3n &#8230; <a title=\"Ingresantes\" class=\"read-more\" href=\"https:\/\/isped-ers.infd.edu.ar\/sitio\/ingresantes\/\" aria-label=\"More on Ingresantes\">[+]<\/a><\/p>\n","protected":false},"author":6,"featured_media":0,"parent":0,"menu_order":0,"comment_status":"closed","ping_status":"closed","template":"","meta":[],"acf":[],"_links":{"self":[{"href":"https:\/\/isped-ers.infd.edu.ar\/sitio\/wp-json\/wp\/v2\/pages\/730"}],"collection":[{"href":"https:\/\/isped-ers.infd.edu.ar\/sitio\/wp-json\/wp\/v2\/pages"}],"about":[{"href":"https:\/\/isped-ers.infd.edu.ar\/sitio\/wp-json\/wp\/v2\/types\/page"}],"author":[{"embeddable":true,"href":"https:\/\/isped-ers.infd.edu.ar\/sitio\/wp-json\/wp\/v2\/users\/6"}],"replies":[{"embeddable":true,"href":"https:\/\/isped-ers.infd.edu.ar\/sitio\/wp-json\/wp\/v2\/comments?post=730"}],"version-history":[{"count":5,"href":"https:\/\/isped-ers.infd.edu.ar\/sitio\/wp-json\/wp\/v2\/pages\/730\/revisions"}],"predecessor-version":[{"id":937,"href":"https:\/\/isped-ers.infd.edu.ar\/sitio\/wp-json\/wp\/v2\/pages\/730\/revisions\/937"}],"wp:attachment":[{"href":"https:\/\/isped-ers.infd.edu.ar\/sitio\/wp-json\/wp\/v2\/media?parent=730"}],"curies":[{"name":"wp","href":"https:\/\/api.w.org\/{rel}","templated":true}]}}